{"id":57847,"date":"2023-01-15T17:29:25","date_gmt":"2023-01-15T17:29:25","guid":{"rendered":"https:\/\/plevier.com\/?page_id=57847"},"modified":"2023-01-23T18:09:00","modified_gmt":"2023-01-23T18:09:00","slug":"links","status":"publish","type":"page","link":"https:\/\/plevier.com\/fr\/links\/","title":{"rendered":"Liens"},"content":{"rendered":"<section class=\"wpb-content-wrapper\"><p>[vc_row full_width=\u00a0\u00bbstretch_row\u00a0\u00bb bg_type=\u00a0\u00bbimage\u00a0\u00bb parallax_style=\u00a0\u00bbvcpb-default\u00a0\u00bb bg_image_new=\u00a0\u00bbid^57851|url^https:\/\/plevier.com\/wp-content\/uploads\/2023\/01\/inks.jpg|caption^null|alt^null|title^inks|description^null\u00a0\u00bb bg_image_repeat=\u00a0\u00bbno-repeat\u00a0\u00bb type=\u00a0\u00bbvc_default\u00a0\u00bb margin_top=\u00a0\u00bb-50&Prime; css=\u00a0\u00bb.vc_custom_1673803103721{padding-top: 8% !important;padding-bottom: 8% !important;background-color: #000000 !important;}\u00a0\u00bb][vc_column offset=\u00a0\u00bbvc_col-lg-12 vc_col-md-12&Prime; css=\u00a0\u00bb.vc_custom_1476030031960{padding-bottom: 10px !important;}\u00a0\u00bb]<style type=\"text\/css\" data-type=\"the7_shortcodes-inline-css\">.dt-shortcode-icon.icon-e41f358d43d887faa6310f1256db0d5f {\n  min-width: 64px;\n  min-height: 64px;\n  font-size: 64px;\n  border-radius: 100px;\n}\n.dt-shortcode-icon.icon-e41f358d43d887faa6310f1256db0d5f:last-child {\n  margin-right: 0;\n}\n.dt-shortcode-icon.icon-e41f358d43d887faa6310f1256db0d5f .icon-inner {\n  margin: 0px;\n  min-width: 64px;\n  min-height: 64px;\n  border-radius: 100px;\n}\n.dt-shortcode-icon.icon-e41f358d43d887faa6310f1256db0d5f .dt-hover-icon {\n  line-height: 64px;\n}\n.dt-shortcode-icon.icon-e41f358d43d887faa6310f1256db0d5f:before,\n.dt-shortcode-icon.icon-e41f358d43d887faa6310f1256db0d5f:after,\n.dt-shortcode-icon.icon-e41f358d43d887faa6310f1256db0d5f .icon-inner:before,\n.dt-shortcode-icon.icon-e41f358d43d887faa6310f1256db0d5f .icon-inner:after {\n  min-width: 100%;\n  min-height: 100%;\n  padding: inherit;\n  border-radius: inherit;\n}\n.dt-shortcode-icon.icon-e41f358d43d887faa6310f1256db0d5f.dt-icon-border-on:before {\n  border-width: 0px;\n  border-style: solid;\n}\n.dt-icon-border-dashed.dt-shortcode-icon.icon-e41f358d43d887faa6310f1256db0d5f.dt-icon-border-on:before {\n  border-style: dashed;\n}\n.dt-icon-border-dotted.dt-shortcode-icon.icon-e41f358d43d887faa6310f1256db0d5f.dt-icon-border-on:before {\n  border-style: dotted;\n}\n.dt-icon-border-double.dt-shortcode-icon.icon-e41f358d43d887faa6310f1256db0d5f.dt-icon-border-on:before {\n  border-style: double;\n}\n.dt-shortcode-icon.icon-e41f358d43d887faa6310f1256db0d5f.dt-icon-hover-border-on:after {\n  border-width: 0px;\n  border-style: solid;\n}\n.dt-icon-border-dashed.dt-shortcode-icon.icon-e41f358d43d887faa6310f1256db0d5f.dt-icon-hover-border-on:after {\n  border-style: dashed;\n}\n.dt-icon-border-dotted.dt-shortcode-icon.icon-e41f358d43d887faa6310f1256db0d5f.dt-icon-hover-border-on:after {\n  border-style: dotted;\n}\n.dt-icon-border-double.dt-shortcode-icon.icon-e41f358d43d887faa6310f1256db0d5f.dt-icon-hover-border-on:after {\n  border-style: double;\n}\n.dt-shortcode-icon.icon-e41f358d43d887faa6310f1256db0d5f.dt-icon-hover-on:hover {\n  font-size: 64px;\n}\n.dt-shortcode-icon.icon-e41f358d43d887faa6310f1256db0d5f .soc-font-icon,\n.dt-shortcode-icon.icon-e41f358d43d887faa6310f1256db0d5f .soc-icon {\n  font-size: 64px;\n}\n<\/style><div class=\"dt-shortcode-icon-wrap dt-icon-center \"><span  class=\"anchor-link far fa-calendar icon-e41f358d43d887faa6310f1256db0d5f dt-shortcode-icon dt-icon-bg-off dt-icon-hover-on dt-icon-hover-bg-off dt-icon-animate-scale  vc_custom_1673799113581 \" ><span class=\"icon-inner\"><i class=\"dt-regular-icon soc-icon far fa-calendar\"><\/i><i class=\"dt-hover-icon soc-icon far fa-calendar\"><\/i><span class=\"screen-reader-text\"><\/span><\/span><\/span><\/div><div id=\"ultimate-heading-742069e78fdb1bd45\" class=\"uvc-heading ult-adjust-bottom-margin ultimate-heading-742069e78fdb1bd45 uvc-7846 \" data-hspacer=\"no_spacer\"  data-halign=\"center\" style=\"text-align:center\"><div class=\"uvc-heading-spacer no_spacer\" style=\"top\"><\/div><div class=\"uvc-sub-heading ult-responsive\"  data-ultimate-target='.uvc-heading.ultimate-heading-742069e78fdb1bd45 .uvc-sub-heading '  data-responsive-json-new='{\"font-size\":\"desktop:52px;mobile_landscape:34px;mobile:24px;\",\"line-height\":\"desktop:62px;mobile_landscape:44px;mobile:34px;\"}'  style=\"font-weight:bold;color:#ffffff;\"><\/p>\n<p style=\"text-align: left;\">Liens<\/p>\n<p><\/div><\/div>[\/vc_column][\/vc_row][vc_row][vc_column][vc_column_text css=\u00a0\u00bb.vc_custom_1674497057013{padding-top: 30px !important;padding-bottom: 30px !important;}\u00a0\u00bb]<\/p>\n<p style=\"text-align: center;\"><strong>Vous y trouverez les plus belles collections !<\/strong><\/p>\n<p>[\/vc_column_text][\/vc_column][\/vc_row][vc_row full_width=\u00a0\u00bbstretch_row\u00a0\u00bb bg_type=\u00a0\u00bbbg_color\u00a0\u00bb type=\u00a0\u00bbvc_default\u00a0\u00bb margin_top=\u00a0\u00bb0&Prime; margin_bottom=\u00a0\u00bb-35&Prime; css=\u00a0\u00bb.vc_custom_1673018954407{padding-top: 70px !important;padding-bottom: 20px !important;}\u00a0\u00bb bg_color_value=\u00a0\u00bb#f7f7f7&Prime;][vc_column width=\u00a0\u00bb1\/2&Prime; offset=\u00a0\u00bbvc_col-lg-6 vc_col-md-5 vc_col-xs-12&Prime; css=\u00a0\u00bb.vc_custom_1673017106722{padding-bottom: 50px !important;}\u00a0\u00bb]<div id=\"ultimate-heading-419669e78fdb1bd5a\" class=\"uvc-heading ult-adjust-bottom-margin ultimate-heading-419669e78fdb1bd5a uvc-9119 accent-border-color uvc-heading-default-font-sizes\" data-hspacer=\"line_only\"  data-halign=\"left\" style=\"text-align:left\"><div class=\"uvc-main-heading ult-responsive\"  data-ultimate-target='.uvc-heading.ultimate-heading-419669e78fdb1bd5a h3'  data-responsive-json-new='{\"font-size\":\"\",\"line-height\":\"\"}' ><h3 style=\"font-weight:bold;margin-bottom:5px;\">'La Deuche', mus\u00e9e<\/h3><\/div><div class=\"uvc-heading-spacer line_only\" style=\"margin-bottom:30px;height:3px;\"><span class=\"uvc-headings-line\" style=\"border-style:solid;border-bottom-width:3px;border-color:#ccc;width:70px;\"><\/span><\/div><\/div>[vc_column_text]Ce mus\u00e9e est vraiment un paradis poures &lsquo;La Deuche&rsquo;. Ils peuvent \u00eatre admir\u00e9s dans toutes les formes, tailles et \u00e9tats. Il y a m\u00eame un certain nombre de nouveaux &lsquo;La Deuche&rsquo; tr\u00e8s rares, sans aucun kilom\u00e8tre au compteur. Ces nouveaux Ducks n&rsquo;ont jamais roul\u00e9 dans la rue !<\/p>\n<p>Il y a des exemples de la production fran\u00e7aise, mais aussi de la production belge et espagnole. Divers r\u00e9glages ont \u00e9galement \u00e9t\u00e9 effectu\u00e9s, qui ressemblent \u00e0 des bo\u00eetes de visualisation grandeur nature, afin que vous vous imaginiez \u00e0 l&rsquo;\u00e9poque de cette \u00e9poque. Ce mus\u00e9e ne pr\u00e9sente pas dix ou trente voitures, mais plus de 300 voitures diff\u00e9rentes.<\/p>\n<p>Il existe \u00e9galement d&rsquo;innombrables r\u00e9pliques et rues d&rsquo;anciens magasins, il y a donc encore plus \u00e0 d\u00e9couvrir ! Il y a donc beaucoup de choses int\u00e9ressantes \u00e0 voir pour tout le monde, petits et grands. Une excellente occasion de visiter avec un groupe d&rsquo;amis, une entreprise ou une autre composition ![\/vc_column_text][vc_row_inner][vc_column_inner]<style type=\"text\/css\" data-type=\"the7_shortcodes-inline-css\">#default-btn-6e90f5cd872003ea5dc8fe0f15533a15.ico-right-side > i {\n  margin-right: 0px;\n  margin-left: 8px;\n}\n#default-btn-6e90f5cd872003ea5dc8fe0f15533a15 > i {\n  margin-right: 8px;\n}\n<\/style><a href=\"https:\/\/www.eendenmuseum.nl\" class=\"default-btn-shortcode dt-btn dt-btn-m link-hover-off btn-inline-left  vc_custom_1674497336877\" target=\"_blank\" id=\"default-btn-6e90f5cd872003ea5dc8fe0f15533a15\" title=\"Eendenmuseum\" rel=\"noopener\"><span>Site Internet &lsquo;La Deuche&rsquo;, mus\u00e9e<\/span><\/a>[\/vc_column_inner][\/vc_row_inner][\/vc_column][vc_column width=\u00a0\u00bb1\/2&Prime; offset=\u00a0\u00bbvc_col-lg-6 vc_col-md-7 vc_col-xs-12&Prime; css=\u00a0\u00bb.vc_custom_1573333782790{padding-bottom: 20px !important;}\u00a0\u00bb][vc_single_image image=\u00a0\u00bb57849&Prime; img_size=\u00a0\u00bbfull\u00a0\u00bb style=\u00a0\u00bbvc_box_shadow_3d\u00a0\u00bb css_animation=\u00a0\u00bbfadeIn\u00a0\u00bb][\/vc_column][\/vc_row][vc_row][vc_column][vc_separator][\/vc_column][\/vc_row][vc_row type=\u00a0\u00bbvc_default\u00a0\u00bb margin_top=\u00a0\u00bb0&Prime; margin_bottom=\u00a0\u00bb-35&Prime; css=\u00a0\u00bb.vc_custom_1573333785997{padding-top: 70px !important;padding-bottom: 20px !important;}\u00a0\u00bb][vc_column offset=\u00a0\u00bbvc_col-lg-6 vc_col-md-7 vc_col-xs-12&Prime; css=\u00a0\u00bb.vc_custom_1573333782790{padding-bottom: 20px !important;}\u00a0\u00bb][vc_single_image image=\u00a0\u00bb57860&Prime; img_size=\u00a0\u00bbfull\u00a0\u00bb style=\u00a0\u00bbvc_box_shadow_3d\u00a0\u00bb css_animation=\u00a0\u00bbfadeIn\u00a0\u00bb][\/vc_column][vc_column offset=\u00a0\u00bbvc_col-lg-6 vc_col-md-5 vc_col-xs-12&Prime; css=\u00a0\u00bb.vc_custom_1573333097721{padding-bottom: 50px !important;}\u00a0\u00bb]<div id=\"ultimate-heading-164269e78fdb1bd9c\" class=\"uvc-heading ult-adjust-bottom-margin ultimate-heading-164269e78fdb1bd9c uvc-7712 accent-border-color uvc-heading-default-font-sizes\" data-hspacer=\"line_only\"  data-halign=\"left\" style=\"text-align:left\"><div class=\"uvc-main-heading ult-responsive\"  data-ultimate-target='.uvc-heading.ultimate-heading-164269e78fdb1bd9c h3'  data-responsive-json-new='{\"font-size\":\"\",\"line-height\":\"\"}' ><h3 style=\"font-weight:bold;margin-bottom:5px;\">Louwman Museum<\/h3><\/div><div class=\"uvc-heading-spacer line_only\" style=\"margin-bottom:30px;height:3px;\"><span class=\"uvc-headings-line\" style=\"border-style:solid;border-bottom-width:3px;border-color:#ccc;width:70px;\"><\/span><\/div><\/div>[vc_column_text]Le mus\u00e9e Louwman vise \u00e0 fournir l&rsquo;image la plus claire et la plus fascinante possible de ce que l&rsquo;industrie automobile a produit depuis 1887. Sans aucun doute, l&rsquo;automobile a profond\u00e9ment chang\u00e9 notre monde. La voiture est l&rsquo;une des inventions les plus importantes des XIXe et XXe si\u00e8cles.<\/p>\n<p>Le mus\u00e9e Louwman de La Haye est le lieu o\u00f9 plus de 130 ans de progr\u00e8s, d&rsquo;innovation et de design sont visiblement repr\u00e9sent\u00e9s dans une collection unique de plus de 275 pi\u00e8ces ma\u00eetresses de l&rsquo;histoire de l&rsquo;automobile.<\/p>\n<p>Pour cette raison, la famille Louwman a d\u00e9j\u00e0 eu l&rsquo;id\u00e9e de pr\u00e9server les temps forts de l&rsquo;histoire automobile pour les prochaines g\u00e9n\u00e9rations il y a plus de 80 ans. Le mus\u00e9e Louwman date de 1934. Depuis lors, la collection a \u00e9t\u00e9 \u00e9largie et affin\u00e9e par \u00e9tapes. La collection comprend maintenant plus de 275 automobiles anciennes et classiques. La collection ne se veut pas compl\u00e8te, l&rsquo;industrie a trop produit pour cela. Avec un sens des valeurs historiques, cependant, une tentative a \u00e9t\u00e9 faite pour rassembler une collection int\u00e9ressante et \u00e9quilibr\u00e9e d&rsquo;automobiles, le tout dans le but d&rsquo;esquisser une image claire et fascinante de l&rsquo;\u00e9poque.<\/p>\n<p>Le mus\u00e9e Louwman a \u00e9t\u00e9 inaugur\u00e9 le 2 juillet 2010 par Sa Majest\u00e9 la reine Beatrix.[\/vc_column_text][vc_row_inner][vc_column_inner]<style type=\"text\/css\" data-type=\"the7_shortcodes-inline-css\">#default-btn-82e124377035af98da5aa399307b27cf.ico-right-side > i {\n  margin-right: 0px;\n  margin-left: 8px;\n}\n#default-btn-82e124377035af98da5aa399307b27cf > i {\n  margin-right: 8px;\n}\n<\/style><a href=\"https:\/\/www.louwmanmuseum.nl\" class=\"default-btn-shortcode dt-btn dt-btn-m link-hover-off btn-inline-left  vc_custom_1674497292849\" target=\"_blank\" id=\"default-btn-82e124377035af98da5aa399307b27cf\" title=\"Louwman Museun\" rel=\"noopener\"><span>Site Internet Louwman museum<\/span><\/a>[\/vc_column_inner][\/vc_row_inner][\/vc_column][\/vc_row]<\/p>\n<\/section>","protected":false},"excerpt":{"rendered":"<p>[vc_row full_width=\u00a0\u00bbstretch_row\u00a0\u00bb bg_type=\u00a0\u00bbimage\u00a0\u00bb parallax_style=\u00a0\u00bbvcpb-default\u00a0\u00bb bg_image_new=\u00a0\u00bbid^57851|url^https:\/\/plevier.com\/wp-content\/uploads\/2023\/01\/inks.jpg|caption^null|alt^null|title^inks|description^null\u00a0\u00bb bg_image_repeat=\u00a0\u00bbno-repeat\u00a0\u00bb type=\u00a0\u00bbvc_default\u00a0\u00bb margin_top=\u00a0\u00bb-50&Prime; css=\u00a0\u00bb.vc_custom_1673803103721{padding-top: 8% !important;padding-bottom: 8% !important;background-color: #000000 !important;}\u00a0\u00bb][vc_column offset=\u00a0\u00bbvc_col-lg-12 vc_col-md-12&Prime; css=\u00a0\u00bb.vc_custom_1476030031960{padding-bottom: 10px !important;}\u00a0\u00bb][\/vc_column][\/vc_row][vc_row][vc_column][vc_column_text css=\u00a0\u00bb.vc_custom_1674497057013{padding-top: 30px !important;padding-bottom: 30px !important;}\u00a0\u00bb] Vous y trouverez les plus belles collections ! [\/vc_column_text][\/vc_column][\/vc_row][vc_row full_width=\u00a0\u00bbstretch_row\u00a0\u00bb bg_type=\u00a0\u00bbbg_color\u00a0\u00bb type=\u00a0\u00bbvc_default\u00a0\u00bb margin_top=\u00a0\u00bb0&Prime; margin_bottom=\u00a0\u00bb-35&Prime; css=\u00a0\u00bb.vc_custom_1673018954407{padding-top: 70px !important;padding-bottom: 20px !important;}\u00a0\u00bb bg_color_value=\u00a0\u00bb#f7f7f7&Prime;][vc_column width=\u00a0\u00bb1\/2&Prime; offset=\u00a0\u00bbvc_col-lg-6 vc_col-md-5 vc_col-xs-12&Prime; css=\u00a0\u00bb.vc_custom_1673017106722{padding-bottom: 50px !important;}\u00a0\u00bb][vc_column_text]Ce mus\u00e9e est vraiment&hellip;<\/p>\n","protected":false},"author":1,"featured_media":0,"parent":0,"menu_order":10,"comment_status":"closed","ping_status":"closed","template":"","meta":{"footnotes":""},"class_list":["post-57847","page","type-page","status-publish","hentry","description-off"],"_links":{"self":[{"href":"https:\/\/plevier.com\/fr\/wp-json\/wp\/v2\/pages\/57847","targetHints":{"allow":["GET"]}}],"collection":[{"href":"https:\/\/plevier.com\/fr\/wp-json\/wp\/v2\/pages"}],"about":[{"href":"https:\/\/plevier.com\/fr\/wp-json\/wp\/v2\/types\/page"}],"author":[{"embeddable":true,"href":"https:\/\/plevier.com\/fr\/wp-json\/wp\/v2\/users\/1"}],"replies":[{"embeddable":true,"href":"https:\/\/plevier.com\/fr\/wp-json\/wp\/v2\/comments?post=57847"}],"version-history":[{"count":13,"href":"https:\/\/plevier.com\/fr\/wp-json\/wp\/v2\/pages\/57847\/revisions"}],"predecessor-version":[{"id":58004,"href":"https:\/\/plevier.com\/fr\/wp-json\/wp\/v2\/pages\/57847\/revisions\/58004"}],"wp:attachment":[{"href":"https:\/\/plevier.com\/fr\/wp-json\/wp\/v2\/media?parent=57847"}],"curies":[{"name":"wp","href":"https:\/\/api.w.org\/{rel}","templated":true}]}}