{"id":57847,"date":"2023-01-15T17:29:25","date_gmt":"2023-01-15T17:29:25","guid":{"rendered":"https:\/\/plevier.com\/?page_id=57847"},"modified":"2023-01-23T18:09:00","modified_gmt":"2023-01-23T18:09:00","slug":"links","status":"publish","type":"page","link":"https:\/\/plevier.com\/de\/links\/","title":{"rendered":"Links"},"content":{"rendered":"<section class=\"wpb-content-wrapper\"><p>[vc_row full_width=&#8220;stretch_row&#8220; bg_type=&#8220;image&#8220; parallax_style=&#8220;vcpb-default&#8220; bg_image_new=&#8220;id^57851|url^https:\/\/plevier.com\/wp-content\/uploads\/2023\/01\/inks.jpg|caption^null|alt^null|title^inks|description^null&#8220; bg_image_repeat=&#8220;no-repeat&#8220; type=&#8220;vc_default&#8220; margin_top=&#8220;-50&#8243; css=&#8220;.vc_custom_1673803103721{padding-top: 8% !important;padding-bottom: 8% !important;background-color: #000000 !important;}&#8220;][vc_column offset=&#8220;vc_col-lg-12 vc_col-md-12&#8243; css=&#8220;.vc_custom_1476030031960{padding-bottom: 10px !important;}&#8220;]<style type=\"text\/css\" data-type=\"the7_shortcodes-inline-css\">.dt-shortcode-icon.icon-e41f358d43d887faa6310f1256db0d5f {\n  min-width: 64px;\n  min-height: 64px;\n  font-size: 64px;\n  border-radius: 100px;\n}\n.dt-shortcode-icon.icon-e41f358d43d887faa6310f1256db0d5f:last-child {\n  margin-right: 0;\n}\n.dt-shortcode-icon.icon-e41f358d43d887faa6310f1256db0d5f .icon-inner {\n  margin: 0px;\n  min-width: 64px;\n  min-height: 64px;\n  border-radius: 100px;\n}\n.dt-shortcode-icon.icon-e41f358d43d887faa6310f1256db0d5f .dt-hover-icon {\n  line-height: 64px;\n}\n.dt-shortcode-icon.icon-e41f358d43d887faa6310f1256db0d5f:before,\n.dt-shortcode-icon.icon-e41f358d43d887faa6310f1256db0d5f:after,\n.dt-shortcode-icon.icon-e41f358d43d887faa6310f1256db0d5f .icon-inner:before,\n.dt-shortcode-icon.icon-e41f358d43d887faa6310f1256db0d5f .icon-inner:after {\n  min-width: 100%;\n  min-height: 100%;\n  padding: inherit;\n  border-radius: inherit;\n}\n.dt-shortcode-icon.icon-e41f358d43d887faa6310f1256db0d5f.dt-icon-border-on:before {\n  border-width: 0px;\n  border-style: solid;\n}\n.dt-icon-border-dashed.dt-shortcode-icon.icon-e41f358d43d887faa6310f1256db0d5f.dt-icon-border-on:before {\n  border-style: dashed;\n}\n.dt-icon-border-dotted.dt-shortcode-icon.icon-e41f358d43d887faa6310f1256db0d5f.dt-icon-border-on:before {\n  border-style: dotted;\n}\n.dt-icon-border-double.dt-shortcode-icon.icon-e41f358d43d887faa6310f1256db0d5f.dt-icon-border-on:before {\n  border-style: double;\n}\n.dt-shortcode-icon.icon-e41f358d43d887faa6310f1256db0d5f.dt-icon-hover-border-on:after {\n  border-width: 0px;\n  border-style: solid;\n}\n.dt-icon-border-dashed.dt-shortcode-icon.icon-e41f358d43d887faa6310f1256db0d5f.dt-icon-hover-border-on:after {\n  border-style: dashed;\n}\n.dt-icon-border-dotted.dt-shortcode-icon.icon-e41f358d43d887faa6310f1256db0d5f.dt-icon-hover-border-on:after {\n  border-style: dotted;\n}\n.dt-icon-border-double.dt-shortcode-icon.icon-e41f358d43d887faa6310f1256db0d5f.dt-icon-hover-border-on:after {\n  border-style: double;\n}\n.dt-shortcode-icon.icon-e41f358d43d887faa6310f1256db0d5f.dt-icon-hover-on:hover {\n  font-size: 64px;\n}\n.dt-shortcode-icon.icon-e41f358d43d887faa6310f1256db0d5f .soc-font-icon,\n.dt-shortcode-icon.icon-e41f358d43d887faa6310f1256db0d5f .soc-icon {\n  font-size: 64px;\n}\n<\/style><div class=\"dt-shortcode-icon-wrap dt-icon-center \"><span  class=\"anchor-link far fa-calendar icon-e41f358d43d887faa6310f1256db0d5f dt-shortcode-icon dt-icon-bg-off dt-icon-hover-on dt-icon-hover-bg-off dt-icon-animate-scale  vc_custom_1673799113581 \" ><span class=\"icon-inner\"><i class=\"dt-regular-icon soc-icon far fa-calendar\"><\/i><i class=\"dt-hover-icon soc-icon far fa-calendar\"><\/i><span class=\"screen-reader-text\"><\/span><\/span><\/span><\/div><div id=\"ultimate-heading-647169e8dcd379fc6\" class=\"uvc-heading ult-adjust-bottom-margin ultimate-heading-647169e8dcd379fc6 uvc-603 \" data-hspacer=\"no_spacer\"  data-halign=\"center\" style=\"text-align:center\"><div class=\"uvc-heading-spacer no_spacer\" style=\"top\"><\/div><div class=\"uvc-sub-heading ult-responsive\"  data-ultimate-target='.uvc-heading.ultimate-heading-647169e8dcd379fc6 .uvc-sub-heading '  data-responsive-json-new='{\"font-size\":\"desktop:52px;mobile_landscape:34px;mobile:24px;\",\"line-height\":\"desktop:62px;mobile_landscape:44px;mobile:34px;\"}'  style=\"font-weight:bold;color:#ffffff;\"><\/p>\n<p style=\"text-align: left;\">Links<\/p>\n<p><\/div><\/div>[\/vc_column][\/vc_row][vc_row][vc_column][vc_column_text css=&#8220;.vc_custom_1674493934300{padding-top: 30px !important;padding-bottom: 30px !important;}&#8220;]<\/p>\n<p style=\"text-align: center;\"><strong>Hier finden Sie die sch\u00f6nsten Kollektionen!<\/strong><\/p>\n<p>[\/vc_column_text][\/vc_column][\/vc_row][vc_row full_width=&#8220;stretch_row&#8220; bg_type=&#8220;bg_color&#8220; type=&#8220;vc_default&#8220; margin_top=&#8220;0&#8243; margin_bottom=&#8220;-35&#8243; css=&#8220;.vc_custom_1673018954407{padding-top: 70px !important;padding-bottom: 20px !important;}&#8220; bg_color_value=&#8220;#f7f7f7&#8243;][vc_column width=&#8220;1\/2&#8243; offset=&#8220;vc_col-lg-6 vc_col-md-5 vc_col-xs-12&#8243; css=&#8220;.vc_custom_1673017106722{padding-bottom: 50px !important;}&#8220;]<div id=\"ultimate-heading-953869e8dcd379ff2\" class=\"uvc-heading ult-adjust-bottom-margin ultimate-heading-953869e8dcd379ff2 uvc-7610 accent-border-color uvc-heading-default-font-sizes\" data-hspacer=\"line_only\"  data-halign=\"left\" style=\"text-align:left\"><div class=\"uvc-main-heading ult-responsive\"  data-ultimate-target='.uvc-heading.ultimate-heading-953869e8dcd379ff2 h3'  data-responsive-json-new='{\"font-size\":\"\",\"line-height\":\"\"}' ><h3 style=\"font-weight:bold;margin-bottom:5px;\">Enten Museum<\/h3><\/div><div class=\"uvc-heading-spacer line_only\" style=\"margin-bottom:30px;height:3px;\"><span class=\"uvc-headings-line\" style=\"border-style:solid;border-bottom-width:3px;border-color:#ccc;width:70px;\"><\/span><\/div><\/div>[vc_column_text]Dieses Museum ist wirklich ein &#8218;Enten&#8216; paradies. Sie k\u00f6nnen in allen Formen, Gr\u00f6\u00dfen und Zust\u00e4nden bewundert werden. Es gibt sogar eine Reihe sehr seltener neuer Enten ohne Kilometer auf dem Tacho. Diese neuen Enten sind noch nie auf der Stra\u00dfe gefahren!<\/p>\n<p>Es gibt Beispiele aus der franz\u00f6sischen Produktion, aber auch aus der belgischen und spanischen. Au\u00dferdem wurden diverse Einstellungen vorgenommen, die lebensgro\u00dfen Schauk\u00e4sten \u00e4hneln, sodass man sich in die damalige Zeit versetzt f\u00fchlt. Dieses Museum pr\u00e4sentiert nicht zehn oder drei\u00dfig Autos, sondern mehr als 300 verschiedene Autos.<\/p>\n<p>Es gibt auch unz\u00e4hlige Nachbildungen und Stra\u00dfen alter Gesch\u00e4fte, also gibt es noch mehr zu erleben! Es gibt also f\u00fcr Jung und Alt viel Interessantes zu sehen. Eine ausgezeichnete Gelegenheit f\u00fcr einen Besuch mit einer Gruppe von Freunden, einer Firma oder einer anderen Komposition![\/vc_column_text][vc_row_inner][vc_column_inner]<style type=\"text\/css\" data-type=\"the7_shortcodes-inline-css\">#default-btn-14439f67fda51f7d8d697254af749d61.ico-right-side > i {\n  margin-right: 0px;\n  margin-left: 8px;\n}\n#default-btn-14439f67fda51f7d8d697254af749d61 > i {\n  margin-right: 8px;\n}\n<\/style><a href=\"https:\/\/www.eendenmuseum.nl\" class=\"default-btn-shortcode dt-btn dt-btn-m link-hover-off btn-inline-left  vc_custom_1674494053693\" target=\"_blank\" id=\"default-btn-14439f67fda51f7d8d697254af749d61\" title=\"Eendenmuseum\" rel=\"noopener\"><span>Websiteite Enten Museum<\/span><\/a>[\/vc_column_inner][\/vc_row_inner][\/vc_column][vc_column width=&#8220;1\/2&#8243; offset=&#8220;vc_col-lg-6 vc_col-md-7 vc_col-xs-12&#8243; css=&#8220;.vc_custom_1573333782790{padding-bottom: 20px !important;}&#8220;][vc_single_image image=&#8220;57849&#8243; img_size=&#8220;full&#8220; style=&#8220;vc_box_shadow_3d&#8220; css_animation=&#8220;fadeIn&#8220;][\/vc_column][\/vc_row][vc_row][vc_column][vc_separator][\/vc_column][\/vc_row][vc_row type=&#8220;vc_default&#8220; margin_top=&#8220;0&#8243; margin_bottom=&#8220;-35&#8243; css=&#8220;.vc_custom_1573333785997{padding-top: 70px !important;padding-bottom: 20px !important;}&#8220;][vc_column offset=&#8220;vc_col-lg-6 vc_col-md-7 vc_col-xs-12&#8243; css=&#8220;.vc_custom_1573333782790{padding-bottom: 20px !important;}&#8220;][vc_single_image image=&#8220;57860&#8243; img_size=&#8220;full&#8220; style=&#8220;vc_box_shadow_3d&#8220; css_animation=&#8220;fadeIn&#8220;][\/vc_column][vc_column offset=&#8220;vc_col-lg-6 vc_col-md-5 vc_col-xs-12&#8243; css=&#8220;.vc_custom_1573333097721{padding-bottom: 50px !important;}&#8220;]<div id=\"ultimate-heading-579069e8dcd37a0a8\" class=\"uvc-heading ult-adjust-bottom-margin ultimate-heading-579069e8dcd37a0a8 uvc-3824 accent-border-color uvc-heading-default-font-sizes\" data-hspacer=\"line_only\"  data-halign=\"left\" style=\"text-align:left\"><div class=\"uvc-main-heading ult-responsive\"  data-ultimate-target='.uvc-heading.ultimate-heading-579069e8dcd37a0a8 h3'  data-responsive-json-new='{\"font-size\":\"\",\"line-height\":\"\"}' ><h3 style=\"font-weight:bold;margin-bottom:5px;\">Louwman Museum<\/h3><\/div><div class=\"uvc-heading-spacer line_only\" style=\"margin-bottom:30px;height:3px;\"><span class=\"uvc-headings-line\" style=\"border-style:solid;border-bottom-width:3px;border-color:#ccc;width:70px;\"><\/span><\/div><\/div>[vc_column_text]Das Louwman Museum m\u00f6chte ein m\u00f6glichst klares und faszinierendes Bild davon vermitteln, was die Automobilindustrie seit 1887 hervorgebracht hat. Ohne Zweifel hat das Automobil unsere Welt grundlegend ver\u00e4ndert. Das Auto ist eine der wichtigsten Erfindungen des 19. und 20. Jahrhunderts.<\/p>\n<p>Das Louwman Museum in Den Haag ist der Ort, an dem mehr als 130 Jahre Fortschritt, Innovation und Design in einer einzigartigen Sammlung von mehr als 275 Prunkst\u00fccken aus der Geschichte des Automobils sichtbar dargestellt werden.<\/p>\n<p>Aus diesem Grund kam die Familie Louwman bereits vor \u00fcber 80 Jahren auf die Idee, die Highlights der Automobilgeschichte f\u00fcr die n\u00e4chsten Generationen zu bewahren. Das Louwman Museum geht auf das Jahr 1934 zur\u00fcck. Seitdem wurde die Sammlung schrittweise erweitert und verfeinert. Die Sammlung umfasst mittlerweile mehr als 275 antike und klassische Automobile. Die Sammlung will nicht vollst\u00e4ndig sein, daf\u00fcr hat die Industrie zu viel produziert. Mit Gesp\u00fcr f\u00fcr historische Werte wurde jedoch versucht, eine interessante und ausgewogene Sammlung von Automobilen zusammenzustellen, um ein klares und faszinierendes Bild der Zeit zu zeichnen.<\/p>\n<p>Das Louwman Museum wurde am 2. Juli 2010 von Ihrer Majest\u00e4t K\u00f6nigin Beatrix er\u00f6ffnet.[\/vc_column_text][vc_row_inner][vc_column_inner]<style type=\"text\/css\" data-type=\"the7_shortcodes-inline-css\">#default-btn-c89137582c5d7c63c9f367fc113ec0f4.ico-right-side > i {\n  margin-right: 0px;\n  margin-left: 8px;\n}\n#default-btn-c89137582c5d7c63c9f367fc113ec0f4 > i {\n  margin-right: 8px;\n}\n<\/style><a href=\"https:\/\/www.louwmanmuseum.nl\" class=\"default-btn-shortcode dt-btn dt-btn-m link-hover-off btn-inline-left  vc_custom_1673803617860\" target=\"_blank\" id=\"default-btn-c89137582c5d7c63c9f367fc113ec0f4\" title=\"Louwman Museun\" rel=\"noopener\"><span>Website Louwman museum<\/span><\/a>[\/vc_column_inner][\/vc_row_inner][\/vc_column][\/vc_row]<\/p>\n<\/section>","protected":false},"excerpt":{"rendered":"<p>[vc_row full_width=&#8220;stretch_row&#8220; bg_type=&#8220;image&#8220; parallax_style=&#8220;vcpb-default&#8220; bg_image_new=&#8220;id^57851|url^https:\/\/plevier.com\/wp-content\/uploads\/2023\/01\/inks.jpg|caption^null|alt^null|title^inks|description^null&#8220; bg_image_repeat=&#8220;no-repeat&#8220; type=&#8220;vc_default&#8220; margin_top=&#8220;-50&#8243; css=&#8220;.vc_custom_1673803103721{padding-top: 8% !important;padding-bottom: 8% !important;background-color: #000000 !important;}&#8220;][vc_column offset=&#8220;vc_col-lg-12 vc_col-md-12&#8243; css=&#8220;.vc_custom_1476030031960{padding-bottom: 10px !important;}&#8220;][\/vc_column][\/vc_row][vc_row][vc_column][vc_column_text css=&#8220;.vc_custom_1674493934300{padding-top: 30px !important;padding-bottom: 30px !important;}&#8220;] Hier finden Sie die sch\u00f6nsten Kollektionen! [\/vc_column_text][\/vc_column][\/vc_row][vc_row full_width=&#8220;stretch_row&#8220; bg_type=&#8220;bg_color&#8220; type=&#8220;vc_default&#8220; margin_top=&#8220;0&#8243; margin_bottom=&#8220;-35&#8243; css=&#8220;.vc_custom_1673018954407{padding-top: 70px !important;padding-bottom: 20px !important;}&#8220; bg_color_value=&#8220;#f7f7f7&#8243;][vc_column width=&#8220;1\/2&#8243; offset=&#8220;vc_col-lg-6 vc_col-md-5 vc_col-xs-12&#8243; css=&#8220;.vc_custom_1673017106722{padding-bottom: 50px !important;}&#8220;][vc_column_text]Dieses Museum ist wirklich ein &#8218;Enten&#8216;&hellip;<\/p>\n","protected":false},"author":1,"featured_media":0,"parent":0,"menu_order":10,"comment_status":"closed","ping_status":"closed","template":"","meta":{"footnotes":""},"class_list":["post-57847","page","type-page","status-publish","hentry","description-off"],"_links":{"self":[{"href":"https:\/\/plevier.com\/de\/wp-json\/wp\/v2\/pages\/57847","targetHints":{"allow":["GET"]}}],"collection":[{"href":"https:\/\/plevier.com\/de\/wp-json\/wp\/v2\/pages"}],"about":[{"href":"https:\/\/plevier.com\/de\/wp-json\/wp\/v2\/types\/page"}],"author":[{"embeddable":true,"href":"https:\/\/plevier.com\/de\/wp-json\/wp\/v2\/users\/1"}],"replies":[{"embeddable":true,"href":"https:\/\/plevier.com\/de\/wp-json\/wp\/v2\/comments?post=57847"}],"version-history":[{"count":13,"href":"https:\/\/plevier.com\/de\/wp-json\/wp\/v2\/pages\/57847\/revisions"}],"predecessor-version":[{"id":58004,"href":"https:\/\/plevier.com\/de\/wp-json\/wp\/v2\/pages\/57847\/revisions\/58004"}],"wp:attachment":[{"href":"https:\/\/plevier.com\/de\/wp-json\/wp\/v2\/media?parent=57847"}],"curies":[{"name":"wp","href":"https:\/\/api.w.org\/{rel}","templated":true}]}}