{"id":57776,"date":"2023-01-05T15:02:02","date_gmt":"2023-01-05T15:02:02","guid":{"rendered":"https:\/\/plevier.com\/?page_id=57776"},"modified":"2023-03-11T09:52:57","modified_gmt":"2023-03-11T09:52:57","slug":"evenementen","status":"publish","type":"page","link":"https:\/\/plevier.com\/de\/evenementen\/","title":{"rendered":"Veranstaltungen"},"content":{"rendered":"<section class=\"wpb-content-wrapper\"><p>[vc_row full_width=&#8220;stretch_row&#8220; bg_type=&#8220;image&#8220; parallax_style=&#8220;vcpb-default&#8220; bg_image_new=&#8220;id^57804|url^https:\/\/plevier.com\/wp-content\/uploads\/2023\/01\/Evenementen-1.png|caption^null|alt^null|title^Evenementen|description^null&#8220; bg_image_repeat=&#8220;no-repeat&#8220; type=&#8220;vc_default&#8220; margin_top=&#8220;-50&#8243; css=&#8220;.vc_custom_1673017747748{padding-top: 8% !important;padding-bottom: 8% !important;background-color: #000000 !important;}&#8220;][vc_column offset=&#8220;vc_col-lg-12 vc_col-md-12&#8243; css=&#8220;.vc_custom_1476030031960{padding-bottom: 10px !important;}&#8220;]<style type=\"text\/css\" data-type=\"the7_shortcodes-inline-css\">.dt-shortcode-icon.icon-e41f358d43d887faa6310f1256db0d5f {\n  min-width: 64px;\n  min-height: 64px;\n  font-size: 64px;\n  border-radius: 100px;\n}\n.dt-shortcode-icon.icon-e41f358d43d887faa6310f1256db0d5f:last-child {\n  margin-right: 0;\n}\n.dt-shortcode-icon.icon-e41f358d43d887faa6310f1256db0d5f .icon-inner {\n  margin: 0px;\n  min-width: 64px;\n  min-height: 64px;\n  border-radius: 100px;\n}\n.dt-shortcode-icon.icon-e41f358d43d887faa6310f1256db0d5f .dt-hover-icon {\n  line-height: 64px;\n}\n.dt-shortcode-icon.icon-e41f358d43d887faa6310f1256db0d5f:before,\n.dt-shortcode-icon.icon-e41f358d43d887faa6310f1256db0d5f:after,\n.dt-shortcode-icon.icon-e41f358d43d887faa6310f1256db0d5f .icon-inner:before,\n.dt-shortcode-icon.icon-e41f358d43d887faa6310f1256db0d5f .icon-inner:after {\n  min-width: 100%;\n  min-height: 100%;\n  padding: inherit;\n  border-radius: inherit;\n}\n.dt-shortcode-icon.icon-e41f358d43d887faa6310f1256db0d5f.dt-icon-border-on:before {\n  border-width: 0px;\n  border-style: solid;\n}\n.dt-icon-border-dashed.dt-shortcode-icon.icon-e41f358d43d887faa6310f1256db0d5f.dt-icon-border-on:before {\n  border-style: dashed;\n}\n.dt-icon-border-dotted.dt-shortcode-icon.icon-e41f358d43d887faa6310f1256db0d5f.dt-icon-border-on:before {\n  border-style: dotted;\n}\n.dt-icon-border-double.dt-shortcode-icon.icon-e41f358d43d887faa6310f1256db0d5f.dt-icon-border-on:before {\n  border-style: double;\n}\n.dt-shortcode-icon.icon-e41f358d43d887faa6310f1256db0d5f.dt-icon-hover-border-on:after {\n  border-width: 0px;\n  border-style: solid;\n}\n.dt-icon-border-dashed.dt-shortcode-icon.icon-e41f358d43d887faa6310f1256db0d5f.dt-icon-hover-border-on:after {\n  border-style: dashed;\n}\n.dt-icon-border-dotted.dt-shortcode-icon.icon-e41f358d43d887faa6310f1256db0d5f.dt-icon-hover-border-on:after {\n  border-style: dotted;\n}\n.dt-icon-border-double.dt-shortcode-icon.icon-e41f358d43d887faa6310f1256db0d5f.dt-icon-hover-border-on:after {\n  border-style: double;\n}\n.dt-shortcode-icon.icon-e41f358d43d887faa6310f1256db0d5f.dt-icon-hover-on:hover {\n  font-size: 64px;\n}\n.dt-shortcode-icon.icon-e41f358d43d887faa6310f1256db0d5f .soc-font-icon,\n.dt-shortcode-icon.icon-e41f358d43d887faa6310f1256db0d5f .soc-icon {\n  font-size: 64px;\n}\n<\/style><div class=\"dt-shortcode-icon-wrap dt-icon-center \"><span  class=\"anchor-link far fa-calendar icon-e41f358d43d887faa6310f1256db0d5f dt-shortcode-icon dt-icon-bg-off dt-icon-hover-on dt-icon-hover-bg-off dt-icon-animate-scale  vc_custom_1673799113581 \" ><span class=\"icon-inner\"><i class=\"dt-regular-icon soc-icon far fa-calendar\"><\/i><i class=\"dt-hover-icon soc-icon far fa-calendar\"><\/i><span class=\"screen-reader-text\"><\/span><\/span><\/span><\/div><div id=\"ultimate-heading-331769e611aa2331d\" class=\"uvc-heading ult-adjust-bottom-margin ultimate-heading-331769e611aa2331d uvc-8681 \" data-hspacer=\"no_spacer\"  data-halign=\"center\" style=\"text-align:center\"><div class=\"uvc-heading-spacer no_spacer\" style=\"top\"><\/div><div class=\"uvc-sub-heading ult-responsive\"  data-ultimate-target='.uvc-heading.ultimate-heading-331769e611aa2331d .uvc-sub-heading '  data-responsive-json-new='{\"font-size\":\"desktop:52px;mobile_landscape:34px;mobile:24px;\",\"line-height\":\"desktop:62px;mobile_landscape:44px;mobile:34px;\"}'  style=\"font-weight:bold;color:#ffffff;\"><\/p>\n<p style=\"text-align: left;\">Veranstaltungen<\/p>\n<p><\/div><\/div>[\/vc_column][\/vc_row][vc_row][vc_column][vc_column_text css=&#8220;.vc_custom_1674491563820{padding-top: 30px !important;padding-bottom: 30px !important;}&#8220;]<\/p>\n<p style=\"text-align: center;\"><strong>M\u00f6chten Sie besondere Autos genie\u00dfen? Dann besuchen Sie eine der folgenden Veranstaltungen!<\/strong><\/p>\n<p>[\/vc_column_text][\/vc_column][\/vc_row][vc_row full_width=&#8220;stretch_row&#8220; bg_type=&#8220;bg_color&#8220; type=&#8220;vc_default&#8220; margin_top=&#8220;0&#8243; margin_bottom=&#8220;-35&#8243; css=&#8220;.vc_custom_1673018954407{padding-top: 70px !important;padding-bottom: 20px !important;}&#8220; bg_color_value=&#8220;#f7f7f7&#8243;][vc_column width=&#8220;1\/2&#8243; offset=&#8220;vc_col-lg-6 vc_col-md-5 vc_col-xs-12&#8243; css=&#8220;.vc_custom_1673017106722{padding-bottom: 50px !important;}&#8220;]<div id=\"ultimate-heading-721669e611aa23333\" class=\"uvc-heading ult-adjust-bottom-margin ultimate-heading-721669e611aa23333 uvc-7272 accent-border-color uvc-heading-default-font-sizes\" data-hspacer=\"line_only\"  data-halign=\"left\" style=\"text-align:left\"><div class=\"uvc-main-heading ult-responsive\"  data-ultimate-target='.uvc-heading.ultimate-heading-721669e611aa23333 h3'  data-responsive-json-new='{\"font-size\":\"\",\"line-height\":\"\"}' ><h3 style=\"font-weight:bold;margin-bottom:5px;\">British Cars &amp; Lifestyle<\/h3><\/div><div class=\"uvc-heading-spacer line_only\" style=\"margin-bottom:30px;height:3px;\"><span class=\"uvc-headings-line\" style=\"border-style:solid;border-bottom-width:3px;border-color:#ccc;width:70px;\"><\/span><\/div><\/div>[vc_column_text]Datum: 11. und 12. M\u00e4rz 2023<\/p>\n<p>Ort: Autotron, Rosmalen, Die Niederlande<\/p>\n<p>British Best seit fast 30 Jahren, jedes Jahr mit neuen Ausstellern, anderen Autos und neuen Produkten.<\/p>\n<p>Verschiedene Aussteller kommen mit ihren Waren von der anderen Seite des \u00c4rmelkanals. Sie finden genau das eine Autoteil oder ein einzigartiges Antiquit\u00e4tenst\u00fcck, das in den Niederlanden nicht erh\u00e4ltlich ist. Mit vielen Ausstellern ist die British CARS &amp; Lifestyle ohne Zweifel die gr\u00f6\u00dfte Fachmesse mit Produkten und Lifestyle-Erlebnissen aus dem Vereinigten K\u00f6nigreich.<\/p>\n<p>Bei British CARS and Lifestyle sind verschiedene englische Marken vertreten, darunter: Jaguar, Land Rover, Range Rover, Mini, Lotus, Aston Martin, Bentley, br\u00fcderlich neben den Klassikern von Austin Healey, MG, Rolls Royce, Alvis, Riley, Triumph, Morgan und Classic Mini.[\/vc_column_text][vc_row_inner][vc_column_inner]<style type=\"text\/css\" data-type=\"the7_shortcodes-inline-css\">#default-btn-1c79d9e256e4a5551c7df61b231ed290.ico-right-side > i {\n  margin-right: 0px;\n  margin-left: 8px;\n}\n#default-btn-1c79d9e256e4a5551c7df61b231ed290 > i {\n  margin-right: 8px;\n}\n<\/style><a href=\"https:\/\/britishcarsandlifestyle.nl\" class=\"default-btn-shortcode dt-btn dt-btn-m link-hover-off btn-inline-left  vc_custom_1674491638018\" target=\"_blank\" id=\"default-btn-1c79d9e256e4a5551c7df61b231ed290\" title=\"Site British Cars & Lifestyle\" rel=\"noopener\"><span>Webseite British Cars &amp; Lifestyle<\/span><\/a>[\/vc_column_inner][\/vc_row_inner][\/vc_column][vc_column width=&#8220;1\/2&#8243; offset=&#8220;vc_col-lg-6 vc_col-md-7 vc_col-xs-12&#8243; css=&#8220;.vc_custom_1573333782790{padding-bottom: 20px !important;}&#8220;][vc_single_image image=&#8220;57793&#8243; img_size=&#8220;full&#8220; style=&#8220;vc_box_shadow_3d&#8220; css_animation=&#8220;fadeIn&#8220;][\/vc_column][\/vc_row][vc_row][vc_column][vc_separator][\/vc_column][\/vc_row][vc_row type=&#8220;vc_default&#8220; margin_top=&#8220;0&#8243; margin_bottom=&#8220;-35&#8243; css=&#8220;.vc_custom_1573333785997{padding-top: 70px !important;padding-bottom: 20px !important;}&#8220;][vc_column offset=&#8220;vc_col-lg-6 vc_col-md-7 vc_col-xs-12&#8243; css=&#8220;.vc_custom_1573333782790{padding-bottom: 20px !important;}&#8220;][vc_single_image image=&#8220;57799&#8243; img_size=&#8220;full&#8220; style=&#8220;vc_box_shadow_3d&#8220; css_animation=&#8220;fadeIn&#8220;][\/vc_column][vc_column offset=&#8220;vc_col-lg-6 vc_col-md-5 vc_col-xs-12&#8243; css=&#8220;.vc_custom_1573333097721{padding-bottom: 50px !important;}&#8220;]<div id=\"ultimate-heading-69469e611aa2337f\" class=\"uvc-heading ult-adjust-bottom-margin ultimate-heading-69469e611aa2337f uvc-448 accent-border-color uvc-heading-default-font-sizes\" data-hspacer=\"line_only\"  data-halign=\"left\" style=\"text-align:left\"><div class=\"uvc-main-heading ult-responsive\"  data-ultimate-target='.uvc-heading.ultimate-heading-69469e611aa2337f h3'  data-responsive-json-new='{\"font-size\":\"\",\"line-height\":\"\"}' ><h3 style=\"font-weight:bold;margin-bottom:5px;\">Citro-Classica<\/h3><\/div><div class=\"uvc-heading-spacer line_only\" style=\"margin-bottom:30px;height:3px;\"><span class=\"uvc-headings-line\" style=\"border-style:solid;border-bottom-width:3px;border-color:#ccc;width:70px;\"><\/span><\/div><\/div>[vc_column_text]Datum: 28., 29. und 30. April 2023<\/p>\n<p>Ort: Twenthe Airport \u2013 Enschede, Die Niederlande<\/p>\n<p>Neues Festival rund um DS, 2CV und andere Citro\u00ebn-Juwelen auf der Twenthe Air Base<\/p>\n<p>F\u00fcr Citro\u00ebn-Enthusiasten (von gro\u00df bis klein): Fr\u00fchling in franz\u00f6sischer Atmosph\u00e4re, kostenlos Aktivit\u00e4ten f\u00fcr die Kinder.<\/p>\n<p>Teilemarkt, Autoverkauf, Brocante, Stra\u00dfentheater, Essen und Trinken, Musik und Camping.<\/p>\n<p>Mit einer super Partynacht mit Live-Musik am Freitag und Samstag.[\/vc_column_text][vc_row_inner][vc_column_inner]<style type=\"text\/css\" data-type=\"the7_shortcodes-inline-css\">#default-btn-a430f58eacfba6a162c225b593e31414.ico-right-side > i {\n  margin-right: 0px;\n  margin-left: 8px;\n}\n#default-btn-a430f58eacfba6a162c225b593e31414 > i {\n  margin-right: 8px;\n}\n<\/style><a href=\"https:\/\/www.citro-classica.nl\" class=\"default-btn-shortcode dt-btn dt-btn-m link-hover-off btn-inline-left  vc_custom_1674493587532\" target=\"_blank\" id=\"default-btn-a430f58eacfba6a162c225b593e31414\" title=\"Citro-Classica\" rel=\"noopener\"><span>Websiteite Citro-Classica<\/span><\/a>[\/vc_column_inner][\/vc_row_inner][\/vc_column][\/vc_row][vc_row full_width=&#8220;stretch_row&#8220; bg_type=&#8220;bg_color&#8220; type=&#8220;vc_default&#8220; margin_top=&#8220;0&#8243; margin_bottom=&#8220;-35&#8243; css=&#8220;.vc_custom_1673018954407{padding-top: 70px !important;padding-bottom: 20px !important;}&#8220; bg_color_value=&#8220;#f7f7f7&#8243;][vc_column width=&#8220;1\/2&#8243; offset=&#8220;vc_col-lg-6 vc_col-md-5 vc_col-xs-12&#8243; css=&#8220;.vc_custom_1673017106722{padding-bottom: 50px !important;}&#8220;]<div id=\"ultimate-heading-688669e611aa233c7\" class=\"uvc-heading ult-adjust-bottom-margin ultimate-heading-688669e611aa233c7 uvc-1970 accent-border-color uvc-heading-default-font-sizes\" data-hspacer=\"line_only\"  data-halign=\"left\" style=\"text-align:left\"><div class=\"uvc-main-heading ult-responsive\"  data-ultimate-target='.uvc-heading.ultimate-heading-688669e611aa233c7 h3'  data-responsive-json-new='{\"font-size\":\"\",\"line-height\":\"\"}' ><h3 style=\"font-weight:bold;margin-bottom:5px;\">Historic Grand Prix<\/h3><\/div><div class=\"uvc-heading-spacer line_only\" style=\"margin-bottom:30px;height:3px;\"><span class=\"uvc-headings-line\" style=\"border-style:solid;border-bottom-width:3px;border-color:#ccc;width:70px;\"><\/span><\/div><\/div>[vc_column_text]Datum: 16., 17. und 18. Juni 2023<\/p>\n<p>Ort: Circuit Zandvoort, Die Niederlande<\/p>\n<p>F\u00fcr viele Motorsportbegeisterte ist der Historic Grand Prix das wichtigste historische Rennereignis in den Niederlanden und der ultimative Tag\/Wochenende im Zandvoorter Sommer mit Freunden, Kollegen, Familie oder der ganzen Familie. Von klassischen F2- und F3-Autos aus den 1960er und 1970er Jahren bis hin zu GT-Autos aus den Nullerjahren verspricht diese Ausgabe ein Spektakel mit mehr Unterhaltung als je zuvor. Der Historic Grand Prix f\u00fchrt Sie zur\u00fcck in die Vergangenheit. Genie\u00dfen Sie zeitgen\u00f6ssische Musik, Barbecues, Lifestyle, dr\u00f6hnende Motoren und mehr.[\/vc_column_text][vc_row_inner][vc_column_inner]<style type=\"text\/css\" data-type=\"the7_shortcodes-inline-css\">#default-btn-43ea084fd5d25a3d7e82ab97a8879934.ico-right-side > i {\n  margin-right: 0px;\n  margin-left: 8px;\n}\n#default-btn-43ea084fd5d25a3d7e82ab97a8879934 > i {\n  margin-right: 8px;\n}\n<\/style><a href=\"https:\/\/historicgrandprix.nl\" class=\"default-btn-shortcode dt-btn dt-btn-m link-hover-off btn-inline-left  vc_custom_1674493601676\" target=\"_blank\" id=\"default-btn-43ea084fd5d25a3d7e82ab97a8879934\" title=\"Website Historic Grand Prix\" rel=\"noopener\"><span>Websiteite Historic Grand Prix<\/span><\/a>[\/vc_column_inner][\/vc_row_inner][\/vc_column][vc_column width=&#8220;1\/2&#8243; offset=&#8220;vc_col-lg-6 vc_col-md-7 vc_col-xs-12&#8243; css=&#8220;.vc_custom_1573333782790{padding-bottom: 20px !important;}&#8220;][vc_single_image image=&#8220;57815&#8243; img_size=&#8220;full&#8220; style=&#8220;vc_box_shadow_3d&#8220; css_animation=&#8220;fadeIn&#8220;][\/vc_column][\/vc_row][vc_row type=&#8220;vc_default&#8220; margin_top=&#8220;0&#8243; margin_bottom=&#8220;-35&#8243; css=&#8220;.vc_custom_1573333785997{padding-top: 70px !important;padding-bottom: 20px !important;}&#8220;][vc_column offset=&#8220;vc_col-lg-6 vc_col-md-7 vc_col-xs-12&#8243; css=&#8220;.vc_custom_1573333782790{padding-bottom: 20px !important;}&#8220;][vc_single_image image=&#8220;57821&#8243; img_size=&#8220;full&#8220; style=&#8220;vc_box_shadow_3d&#8220; css_animation=&#8220;fadeIn&#8220;][\/vc_column][vc_column offset=&#8220;vc_col-lg-6 vc_col-md-5 vc_col-xs-12&#8243; css=&#8220;.vc_custom_1573333097721{padding-bottom: 50px !important;}&#8220;]<div id=\"ultimate-heading-299169e611aa2340f\" class=\"uvc-heading ult-adjust-bottom-margin ultimate-heading-299169e611aa2340f uvc-8991 accent-border-color uvc-heading-default-font-sizes\" data-hspacer=\"line_only\"  data-halign=\"left\" style=\"text-align:left\"><div class=\"uvc-main-heading ult-responsive\"  data-ultimate-target='.uvc-heading.ultimate-heading-299169e611aa2340f h3'  data-responsive-json-new='{\"font-size\":\"\",\"line-height\":\"\"}' ><h3 style=\"font-weight:bold;margin-bottom:5px;\">Concours d\u2019Elegance<\/h3><\/div><div class=\"uvc-heading-spacer line_only\" style=\"margin-bottom:30px;height:3px;\"><span class=\"uvc-headings-line\" style=\"border-style:solid;border-bottom-width:3px;border-color:#ccc;width:70px;\"><\/span><\/div><\/div>[vc_column_text]Datum: 1., 2. und 3. September 2023<\/p>\n<p>Ort: Soestdijk Palace \u2013 Baarn, Die Niederlande<br \/>\nSeptember 2023.<\/p>\n<p>Dieses Jahr dreht sich alles um Vergangenheit, Gegenwart und Zukunft des Autos. Von klassischen Oldtimern bis hin zu spektakul\u00e4ren Prototypen und alles dazwischen! Neben all dem Autoruhm k\u00f6nnen Sie den PreWar Sprint, die Modenschauen, den k\u00f6niglichen Jahrmarkt, Live-Musik und f\u00fcr die Kinder das Trapauto-Rennen genie\u00dfen.[\/vc_column_text][vc_row_inner][vc_column_inner]<style type=\"text\/css\" data-type=\"the7_shortcodes-inline-css\">#default-btn-ff4549417fbe78045c78c1f0770e9336.ico-right-side > i {\n  margin-right: 0px;\n  margin-left: 8px;\n}\n#default-btn-ff4549417fbe78045c78c1f0770e9336 > i {\n  margin-right: 8px;\n}\n<\/style><a href=\"https:\/\/concourselegance.com\" class=\"default-btn-shortcode dt-btn dt-btn-m link-hover-off btn-inline-left  vc_custom_1674493619356\" target=\"_blank\" id=\"default-btn-ff4549417fbe78045c78c1f0770e9336\" title=\"Citro-Classica\" rel=\"noopener\"><span>Websiteite Concours d\u2019Elegance<\/span><\/a>[\/vc_column_inner][\/vc_row_inner][\/vc_column][\/vc_row][vc_row full_width=&#8220;stretch_row&#8220; bg_type=&#8220;bg_color&#8220; type=&#8220;vc_default&#8220; margin_top=&#8220;0&#8243; margin_bottom=&#8220;-35&#8243; css=&#8220;.vc_custom_1673018954407{padding-top: 70px !important;padding-bottom: 20px !important;}&#8220; bg_color_value=&#8220;#f7f7f7&#8243;][vc_column width=&#8220;1\/2&#8243; offset=&#8220;vc_col-lg-6 vc_col-md-5 vc_col-xs-12&#8243; css=&#8220;.vc_custom_1673017106722{padding-bottom: 50px !important;}&#8220;]<div id=\"ultimate-heading-617369e611aa23453\" class=\"uvc-heading ult-adjust-bottom-margin ultimate-heading-617369e611aa23453 uvc-5502 accent-border-color uvc-heading-default-font-sizes\" data-hspacer=\"line_only\"  data-halign=\"left\" style=\"text-align:left\"><div class=\"uvc-main-heading ult-responsive\"  data-ultimate-target='.uvc-heading.ultimate-heading-617369e611aa23453 h3'  data-responsive-json-new='{\"font-size\":\"\",\"line-height\":\"\"}' ><h3 style=\"font-weight:bold;margin-bottom:5px;\">24 Stunden 2CV Spa-Francorchamps<\/h3><\/div><div class=\"uvc-heading-spacer line_only\" style=\"margin-bottom:30px;height:3px;\"><span class=\"uvc-headings-line\" style=\"border-style:solid;border-bottom-width:3px;border-color:#ccc;width:70px;\"><\/span><\/div><\/div>[vc_column_text]Datum: 29. und 30. Oktober 2023<\/p>\n<p>Ort: Route du Circuit, 55 4970 Francorchamps<\/p>\n<p>Das 24h-Rennen 2PK ist zur\u00fcck! Das gro\u00dfe Abenteuer dieses kleinen Autos geht auf der mythischen Rennstrecke von Spa-Francorchamps weiter. Kommen Sie zur sch\u00f6nsten Rennstrecke der Welt und bewundern Sie die 2HPs auf der sch\u00f6nsten Strecke der Welt. Der allgemeine Eintritt und der Eintritt ins Fahrerlager sind frei. Profitieren Sie davon!<\/p>\n<ul>\n<li>Ungef\u00e4hr 60 2PKs fuhren<\/li>\n<li>2 Mal rund um die Uhr in Spa-Francorchamps vor<br \/>\nVerschiedene Animationen<\/li>\n<li>Eine Messe\/Verkauf von Teilen f\u00fcr 2PKs<\/li>\n<li>Traditionelles Treffen von Fans von 2PKs<\/li>\n<li>Spektakel auf der Strecke, auf den Trib\u00fcnen und im Fahrerlager<\/li>\n<\/ul>\n<p>Kurz gesagt, ein fantastisches Wochenende und tolle Stimmung auf der sch\u00f6nsten Rennstrecke der Welt![\/vc_column_text][vc_row_inner][vc_column_inner]<style type=\"text\/css\" data-type=\"the7_shortcodes-inline-css\">#default-btn-ee92e3cbdc8b52baa202e0995d314e69.ico-right-side > i {\n  margin-right: 0px;\n  margin-left: 8px;\n}\n#default-btn-ee92e3cbdc8b52baa202e0995d314e69 > i {\n  margin-right: 8px;\n}\n<\/style><a href=\"https:\/\/www.spa-francorchamps.be\/nl\/agenda\/2022-10-29\/24h-2cv\" class=\"default-btn-shortcode dt-btn dt-btn-m link-hover-off btn-inline-left  vc_custom_1674493780602\" target=\"_blank\" id=\"default-btn-ee92e3cbdc8b52baa202e0995d314e69\" title=\"Site British Cars & Lifestyle\" rel=\"noopener\"><span>Websiteite 24H 2CV Spa-Francorchamps<\/span><\/a>[\/vc_column_inner][\/vc_row_inner][\/vc_column][vc_column width=&#8220;1\/2&#8243; offset=&#8220;vc_col-lg-6 vc_col-md-7 vc_col-xs-12&#8243; css=&#8220;.vc_custom_1573333782790{padding-bottom: 20px !important;}&#8220;][vc_single_image image=&#8220;57825&#8243; img_size=&#8220;full&#8220; style=&#8220;vc_box_shadow_3d&#8220; css_animation=&#8220;fadeIn&#8220;][\/vc_column][\/vc_row][vc_row type=&#8220;vc_default&#8220; margin_top=&#8220;0&#8243; margin_bottom=&#8220;-35&#8243; css=&#8220;.vc_custom_1573333785997{padding-top: 70px !important;padding-bottom: 20px !important;}&#8220;][vc_column offset=&#8220;vc_col-lg-6 vc_col-md-7 vc_col-xs-12&#8243; css=&#8220;.vc_custom_1573333782790{padding-bottom: 20px !important;}&#8220;][vc_single_image image=&#8220;57828&#8243; img_size=&#8220;full&#8220; style=&#8220;vc_box_shadow_3d&#8220; css_animation=&#8220;fadeIn&#8220;][\/vc_column][vc_column offset=&#8220;vc_col-lg-6 vc_col-md-5 vc_col-xs-12&#8243; css=&#8220;.vc_custom_1573333097721{padding-bottom: 50px !important;}&#8220;]<div id=\"ultimate-heading-659469e611aa23499\" class=\"uvc-heading ult-adjust-bottom-margin ultimate-heading-659469e611aa23499 uvc-5761 accent-border-color uvc-heading-default-font-sizes\" data-hspacer=\"line_only\"  data-halign=\"left\" style=\"text-align:left\"><div class=\"uvc-main-heading ult-responsive\"  data-ultimate-target='.uvc-heading.ultimate-heading-659469e611aa23499 h3'  data-responsive-json-new='{\"font-size\":\"\",\"line-height\":\"\"}' ><h3 style=\"font-weight:bold;margin-bottom:5px;\">Cars &amp; Coffee<\/h3><\/div><div class=\"uvc-heading-spacer line_only\" style=\"margin-bottom:30px;height:3px;\"><span class=\"uvc-headings-line\" style=\"border-style:solid;border-bottom-width:3px;border-color:#ccc;width:70px;\"><\/span><\/div><\/div>[vc_column_text]Datum: So bald wie m\u00f6glich wird Cars &amp; Coffee wieder auf den Maarsseveense Plassen organisiert!<\/p>\n<p>Ort: Parkplatz Maarsseveense Plassen (Utrecht)<\/p>\n<p>Der Zweck dieses Treffens ist es, besondere Autos zu genie\u00dfen, tolle Geschichten und Erfahrungen mit anderen Enthusiasten auszutauschen. Und das alles bei einer Tasse Kaffee.<\/p>\n<p>Der Pannekoekenbakker und die Cafeteria-Eisdiele sind ge\u00f6ffnet.[\/vc_column_text][vc_row_inner][vc_column_inner]<style type=\"text\/css\" data-type=\"the7_shortcodes-inline-css\">#default-btn-d825dbb600387e6195a08ae9858a5c81.ico-right-side > i {\n  margin-right: 0px;\n  margin-left: 8px;\n}\n#default-btn-d825dbb600387e6195a08ae9858a5c81 > i {\n  margin-right: 8px;\n}\n<\/style><a href=\"#\" class=\"default-btn-shortcode dt-btn dt-btn-m link-hover-off btn-inline-left  vc_custom_1674493859050\" target=\"_blank\" id=\"default-btn-d825dbb600387e6195a08ae9858a5c81\" rel=\"noopener\"><span>Weitere Informationen folgen<\/span><\/a>[\/vc_column_inner][\/vc_row_inner][\/vc_column][\/vc_row]<\/p>\n<\/section>","protected":false},"excerpt":{"rendered":"<p>[vc_row full_width=&#8220;stretch_row&#8220; bg_type=&#8220;image&#8220; parallax_style=&#8220;vcpb-default&#8220; bg_image_new=&#8220;id^57804|url^https:\/\/plevier.com\/wp-content\/uploads\/2023\/01\/Evenementen-1.png|caption^null|alt^null|title^Evenementen|description^null&#8220; bg_image_repeat=&#8220;no-repeat&#8220; type=&#8220;vc_default&#8220; margin_top=&#8220;-50&#8243; css=&#8220;.vc_custom_1673017747748{padding-top: 8% !important;padding-bottom: 8% !important;background-color: #000000 !important;}&#8220;][vc_column offset=&#8220;vc_col-lg-12 vc_col-md-12&#8243; css=&#8220;.vc_custom_1476030031960{padding-bottom: 10px !important;}&#8220;][\/vc_column][\/vc_row][vc_row][vc_column][vc_column_text css=&#8220;.vc_custom_1674491563820{padding-top: 30px !important;padding-bottom: 30px !important;}&#8220;] M\u00f6chten Sie besondere Autos genie\u00dfen? Dann besuchen Sie eine der folgenden Veranstaltungen! [\/vc_column_text][\/vc_column][\/vc_row][vc_row full_width=&#8220;stretch_row&#8220; bg_type=&#8220;bg_color&#8220; type=&#8220;vc_default&#8220; margin_top=&#8220;0&#8243; margin_bottom=&#8220;-35&#8243; css=&#8220;.vc_custom_1673018954407{padding-top: 70px !important;padding-bottom: 20px !important;}&#8220; bg_color_value=&#8220;#f7f7f7&#8243;][vc_column width=&#8220;1\/2&#8243; offset=&#8220;vc_col-lg-6 vc_col-md-5 vc_col-xs-12&#8243; css=&#8220;.vc_custom_1673017106722{padding-bottom: 50px&hellip;<\/p>\n","protected":false},"author":1,"featured_media":0,"parent":0,"menu_order":10,"comment_status":"closed","ping_status":"closed","template":"","meta":{"footnotes":""},"class_list":["post-57776","page","type-page","status-publish","hentry","description-off"],"_links":{"self":[{"href":"https:\/\/plevier.com\/de\/wp-json\/wp\/v2\/pages\/57776","targetHints":{"allow":["GET"]}}],"collection":[{"href":"https:\/\/plevier.com\/de\/wp-json\/wp\/v2\/pages"}],"about":[{"href":"https:\/\/plevier.com\/de\/wp-json\/wp\/v2\/types\/page"}],"author":[{"embeddable":true,"href":"https:\/\/plevier.com\/de\/wp-json\/wp\/v2\/users\/1"}],"replies":[{"embeddable":true,"href":"https:\/\/plevier.com\/de\/wp-json\/wp\/v2\/comments?post=57776"}],"version-history":[{"count":59,"href":"https:\/\/plevier.com\/de\/wp-json\/wp\/v2\/pages\/57776\/revisions"}],"predecessor-version":[{"id":58031,"href":"https:\/\/plevier.com\/de\/wp-json\/wp\/v2\/pages\/57776\/revisions\/58031"}],"wp:attachment":[{"href":"https:\/\/plevier.com\/de\/wp-json\/wp\/v2\/media?parent=57776"}],"curies":[{"name":"wp","href":"https:\/\/api.w.org\/{rel}","templated":true}]}}